{"id":7,"date":"2025-08-21T22:53:37","date_gmt":"2025-08-22T01:53:37","guid":{"rendered":"https:\/\/zetasys.net\/wordpress\/?page_id=7"},"modified":"2026-04-13T08:05:52","modified_gmt":"2026-04-13T11:05:52","slug":"zetasys-net","status":"publish","type":"page","link":"https:\/\/zetasys.net\/wordpress\/index.php\/zetasys-net\/","title":{"rendered":"SiGeCo"},"content":{"rendered":"<h2>Que es SiGeCo?<\/h2>\n<p>SiGeCo es un sistema dise\u00f1ado para negocios que necesitan controlar ventas, productos y clientes de forma r\u00e1pida y sencilla.<\/p>\n<p>\t\t\t\t\t\t\t\t\t\t\t\t\t<img loading=\"lazy\" decoding=\"async\" width=\"750\" height=\"289\" src=\"https:\/\/zetasys.net\/wordpress\/wp-content\/uploads\/2026\/04\/Screenshot-2026-04-08-090851-1.png\" alt=\"\" srcset=\"https:\/\/zetasys.net\/wordpress\/wp-content\/uploads\/2026\/04\/Screenshot-2026-04-08-090851-1.png 1140w, https:\/\/zetasys.net\/wordpress\/wp-content\/uploads\/2026\/04\/Screenshot-2026-04-08-090851-1-300x116.png 300w, https:\/\/zetasys.net\/wordpress\/wp-content\/uploads\/2026\/04\/Screenshot-2026-04-08-090851-1-1024x394.png 1024w, https:\/\/zetasys.net\/wordpress\/wp-content\/uploads\/2026\/04\/Screenshot-2026-04-08-090851-1-768x296.png 768w\" sizes=\"auto, (max-width: 750px) 100vw, 750px\" \/>\t\t\t\t\t\t\t\t\t\t\t\t\t\t\t\t\t\t\t\t\t\t\t\t\t\t<img loading=\"lazy\" decoding=\"async\" width=\"750\" height=\"397\" src=\"https:\/\/zetasys.net\/wordpress\/wp-content\/uploads\/2026\/04\/Screenshot-2026-04-08-091947-1536x814.png\" alt=\"\" srcset=\"https:\/\/zetasys.net\/wordpress\/wp-content\/uploads\/2026\/04\/Screenshot-2026-04-08-091947-1536x814.png 1536w, https:\/\/zetasys.net\/wordpress\/wp-content\/uploads\/2026\/04\/Screenshot-2026-04-08-091947-300x159.png 300w, https:\/\/zetasys.net\/wordpress\/wp-content\/uploads\/2026\/04\/Screenshot-2026-04-08-091947-1024x543.png 1024w, https:\/\/zetasys.net\/wordpress\/wp-content\/uploads\/2026\/04\/Screenshot-2026-04-08-091947-768x407.png 768w, https:\/\/zetasys.net\/wordpress\/wp-content\/uploads\/2026\/04\/Screenshot-2026-04-08-091947.png 1919w\" sizes=\"auto, (max-width: 750px) 100vw, 750px\" \/>\t\t\t\t\t\t\t\t\t\t\t\t\t\t\t\t<\/p>\n<h2>Como podemos ayudarte?<\/h2>\n<p style=\"color:black\"><strong>Integraci\u00f3n total con tu negocio<\/strong><\/p>\n<p>SIGECO se adapta a tu forma de trabajar, conect\u00e1ndose con los dispositivos y sistemas que ya utiliz\u00e1s.\t\t\t\t\t\t\t\t<a href=\"https:\/\/zetasys.net\/wordpress\/index.php\/contacto\/\"><br \/>\n\t\t\t\t\t\t\t\t\tEscr\u00edbenos<br \/>\n\t\t\t\t\t<\/a><br \/>\n\t\t\t<svg aria-hidden=\"true\" viewBox=\"0 0 512 512\" xmlns=\"http:\/\/www.w3.org\/2000\/svg\"><path d=\"M448 192V77.25c0-8.49-3.37-16.62-9.37-22.63L393.37 9.37c-6-6-14.14-9.37-22.63-9.37H96C78.33 0 64 14.33 64 32v160c-35.35 0-64 28.65-64 64v112c0 8.84 7.16 16 16 16h48v96c0 17.67 14.33 32 32 32h320c17.67 0 32-14.33 32-32v-96h48c8.84 0 16-7.16 16-16V256c0-35.35-28.65-64-64-64zm-64 256H128v-96h256v96zm0-224H128V64h192v48c0 8.84 7.16 16 16 16h48v96zm48 72c-13.25 0-24-10.75-24-24 0-13.26 10.75-24 24-24s24 10.74 24 24c0 13.25-10.75 24-24 24z\"><\/path><\/svg>\t\t\t<\/p>\n<p style=\"color:black\"><strong>Impresoras convencionales<\/strong><\/p>\n<p>Compatible con impresoras l\u00e1ser, tinta y matriciales para facturaci\u00f3n sin complicaciones.<br \/>\n\t\t\t<svg aria-hidden=\"true\" viewBox=\"0 0 384 512\" xmlns=\"http:\/\/www.w3.org\/2000\/svg\"><path d=\"M288 248v28c0 6.6-5.4 12-12 12H108c-6.6 0-12-5.4-12-12v-28c0-6.6 5.4-12 12-12h168c6.6 0 12 5.4 12 12zm-12 72H108c-6.6 0-12 5.4-12 12v28c0 6.6 5.4 12 12 12h168c6.6 0 12-5.4 12-12v-28c0-6.6-5.4-12-12-12zm108-188.1V464c0 26.5-21.5 48-48 48H48c-26.5 0-48-21.5-48-48V48C0 21.5 21.5 0 48 0h204.1C264.8 0 277 5.1 286 14.1L369.9 98c9 8.9 14.1 21.2 14.1 33.9zm-128-80V128h76.1L256 51.9zM336 464V176H232c-13.3 0-24-10.7-24-24V48H48v416h288z\"><\/path><\/svg>\t\t\t<\/p>\n<p style=\"color:black\"><strong>Impresoras t\u00e9rmicas<\/strong><\/p>\n<p>Gener\u00e1 tickets y comprobantes de forma r\u00e1pida y profesional.<br \/>\n\t\t\t<svg aria-hidden=\"true\" viewBox=\"0 0 512 512\" xmlns=\"http:\/\/www.w3.org\/2000\/svg\"><path d=\"M512 144v288c0 26.5-21.5 48-48 48H48c-26.5 0-48-21.5-48-48V144c0-26.5 21.5-48 48-48h88l12.3-32.9c7-18.7 24.9-31.1 44.9-31.1h125.5c20 0 37.9 12.4 44.9 31.1L376 96h88c26.5 0 48 21.5 48 48zM376 288c0-66.2-53.8-120-120-120s-120 53.8-120 120 53.8 120 120 120 120-53.8 120-120zm-32 0c0 48.5-39.5 88-88 88s-88-39.5-88-88 39.5-88 88-88 88 39.5 88 88z\"><\/path><\/svg>\t\t\t<\/p>\n<p style=\"color:black\"><strong>C\u00e1mara \/ Webcam<\/strong><\/p>\n<p>Captur\u00e1 im\u00e1genes de tus productos directamente desde el sistema.<br \/>\n\t\t\t<svg aria-hidden=\"true\" viewBox=\"0 0 512 512\" xmlns=\"http:\/\/www.w3.org\/2000\/svg\"><path d=\"M0 448V64h18v384H0zm26.857-.273V64H36v383.727h-9.143zm27.143 0V64h8.857v383.727H54zm44.857 0V64h8.857v383.727h-8.857zm36 0V64h17.714v383.727h-17.714zm44.857 0V64h8.857v383.727h-8.857zm18 0V64h8.857v383.727h-8.857zm18 0V64h8.857v383.727h-8.857zm35.715 0V64h18v383.727h-18zm44.857 0V64h18v383.727h-18zm35.999 0V64h18.001v383.727h-18.001zm36.001 0V64h18.001v383.727h-18.001zm26.857 0V64h18v383.727h-18zm45.143 0V64h26.857v383.727h-26.857zm35.714 0V64h9.143v383.727H476zm18 .273V64h18v384h-18z\"><\/path><\/svg>\t\t\t<\/p>\n<p style=\"color:black\"><strong>Lectores de c\u00f3digo de barras<\/strong><\/p>\n<p data-start=\"565\" data-end=\"632\">Agiliz\u00e1 la carga y venta de productos con lectura r\u00e1pida y precisa.<\/p>\n<h6 style=\"color: black;\">Abierto e integrable<\/h6>\n<h3 style=\"color: black;\">Conecta SiGeCo a tu ecosistema<\/h3>\n<p>Dise\u00f1ado con est\u00e1ndares abiertos para integrarse f\u00e1cilmente con otras herramientas.\t\t\t\t\t\t\t\t\t\t\t\t\t<img loading=\"lazy\" decoding=\"async\" width=\"480\" height=\"480\" src=\"https:\/\/zetasys.net\/wordpress\/wp-content\/uploads\/2026\/03\/sigeco.png\" alt=\"\" srcset=\"https:\/\/zetasys.net\/wordpress\/wp-content\/uploads\/2026\/03\/sigeco.png 480w, https:\/\/zetasys.net\/wordpress\/wp-content\/uploads\/2026\/03\/sigeco-300x300.png 300w, https:\/\/zetasys.net\/wordpress\/wp-content\/uploads\/2026\/03\/sigeco-150x150.png 150w, https:\/\/zetasys.net\/wordpress\/wp-content\/uploads\/2026\/03\/elementor\/thumbs\/sigeco-rl11q4bvqk3wlssw3vyfk6jbeni5slge83b9qi075s.png 160w, https:\/\/zetasys.net\/wordpress\/wp-content\/uploads\/2026\/03\/elementor\/thumbs\/sigeco-rl11q4bxoq676luv65caxwop2e8rneljmynjkqrr7k.png 320w\" sizes=\"auto, (max-width: 480px) 100vw, 480px\" \/>\t\t\t\t\t\t\t\t\t\t\t\t\t\t\t\t<\/p>\n<h2>Escalable seg\u00fan tu negocio<\/h2>\n<p data-start=\"1081\" data-end=\"1159\">SiGeCo funciona tanto en instalaciones simples como en entornos m\u00e1s complejos:<\/p>\n<ul data-start=\"1161\" data-end=\"1394\">\n<li data-section-id=\"1y599r0\" data-start=\"1161\" data-end=\"1241\">Puede utilizarse en una sola computadora, incluso sin conexi\u00f3n a internet<\/li>\n<li data-section-id=\"1bl2oei\" data-start=\"1242\" data-end=\"1323\">Soporta redes con m\u00faltiples usuarios (cajeros, vendedores, administraci\u00f3n)<\/li>\n<li data-section-id=\"1hm9xeu\" data-start=\"1324\" data-end=\"1394\">Arquitectura cliente-servidor para mayor control y rendimiento<\/li>\n<\/ul>\n<p style=\"color: black;\"><strong>Compatible con<\/strong><\/p>\n<p>\t\t\t<svg aria-hidden=\"true\" viewBox=\"0 0 448 512\" xmlns=\"http:\/\/www.w3.org\/2000\/svg\"><path d=\"M0 93.7l183.6-25.3v177.4H0V93.7zm0 324.6l183.6 25.3V268.4H0v149.9zm203.8 28L448 480V268.4H203.8v177.9zm0-380.6v180.1H448V32L203.8 65.7z\"><\/path><\/svg>\t\t\t<\/p>\n<p><strong>Windows 10\/11<\/strong><\/p>\n<p>\t\t\t<svg aria-hidden=\"true\" viewBox=\"0 0 496 512\" xmlns=\"http:\/\/www.w3.org\/2000\/svg\"><path d=\"M248 8C111 8 0 119 0 256s111 248 248 248 248-111 248-248S385 8 248 8zm52.7 93c8.8-15.2 28.3-20.5 43.5-11.7 15.3 8.8 20.5 28.3 11.7 43.6-8.8 15.2-28.3 20.5-43.5 11.7-15.3-8.9-20.5-28.4-11.7-43.6zM87.4 287.9c-17.6 0-31.9-14.3-31.9-31.9 0-17.6 14.3-31.9 31.9-31.9 17.6 0 31.9 14.3 31.9 31.9 0 17.6-14.3 31.9-31.9 31.9zm28.1 3.1c22.3-17.9 22.4-51.9 0-69.9 8.6-32.8 29.1-60.7 56.5-79.1l23.7 39.6c-51.5 36.3-51.5 112.5 0 148.8L172 370c-27.4-18.3-47.8-46.3-56.5-79zm228.7 131.7c-15.3 8.8-34.7 3.6-43.5-11.7-8.8-15.3-3.6-34.8 11.7-43.6 15.2-8.8 34.7-3.6 43.5 11.7 8.8 15.3 3.6 34.8-11.7 43.6zm.3-69.5c-26.7-10.3-56.1 6.6-60.5 35-5.2 1.4-48.9 14.3-96.7-9.4l22.5-40.3c57 26.5 123.4-11.7 128.9-74.4l46.1.7c-2.3 34.5-17.3 65.5-40.3 88.4zm-5.9-105.3c-5.4-62-71.3-101.2-128.9-74.4l-22.5-40.3c47.9-23.7 91.5-10.8 96.7-9.4 4.4 28.3 33.8 45.3 60.5 35 23.1 22.9 38 53.9 40.2 88.5l-46 .6z\"><\/path><\/svg>\t\t\t<\/p>\n<p><strong>Ubuntu<\/strong><\/p>\n<p>\t\t\t<svg aria-hidden=\"true\" viewBox=\"0 0 448 512\" xmlns=\"http:\/\/www.w3.org\/2000\/svg\"><path d=\"M225 32C101.3 31.7.8 131.7.4 255.4L0 425.7a53.6 53.6 0 0 0 53.6 53.9l170.2.4c123.7.3 224.3-99.7 224.6-223.4S348.7 32.3 225 32zm169.8 157.2L333 126.6c2.3-4.7 3.8-9.2 3.8-14.3v-1.6l55.2 56.1a101 101 0 0 1 2.8 22.4zM331 94.3a106.06 106.06 0 0 1 58.5 63.8l-54.3-54.6a26.48 26.48 0 0 0-4.2-9.2zM118.1 247.2a49.66 49.66 0 0 0-7.7 11.4l-8.5-8.5a85.78 85.78 0 0 1 16.2-2.9zM97 251.4l11.8 11.9-.9 8a34.74 34.74 0 0 0 2.4 12.5l-27-27.2a80.6 80.6 0 0 1 13.7-5.2zm-18.2 7.4l38.2 38.4a53.17 53.17 0 0 0-14.1 4.7L67.6 266a107 107 0 0 1 11.2-7.2zm-15.2 9.8l35.3 35.5a67.25 67.25 0 0 0-10.5 8.5L53.5 278a64.33 64.33 0 0 1 10.1-9.4zm-13.3 12.3l34.9 35a56.84 56.84 0 0 0-7.7 11.4l-35.8-35.9c2.8-3.8 5.7-7.2 8.6-10.5zm-11 14.3l36.4 36.6a48.29 48.29 0 0 0-3.6 15.2l-39.5-39.8a99.81 99.81 0 0 1 6.7-12zm-8.8 16.3l41.3 41.8a63.47 63.47 0 0 0 6.7 26.2L25.8 326c1.4-4.9 2.9-9.6 4.7-14.5zm-7.9 43l61.9 62.2a31.24 31.24 0 0 0-3.6 14.3v1.1l-55.4-55.7a88.27 88.27 0 0 1-2.9-21.9zm5.3 30.7l54.3 54.6a28.44 28.44 0 0 0 4.2 9.2 106.32 106.32 0 0 1-58.5-63.8zm-5.3-37a80.69 80.69 0 0 1 2.1-17l72.2 72.5a37.59 37.59 0 0 0-9.9 8.7zm253.3-51.8l-42.6-.1-.1 56c-.2 69.3-64.4 115.8-125.7 102.9-5.7 0-19.9-8.7-19.9-24.2a24.89 24.89 0 0 1 24.5-24.6c6.3 0 6.3 1.6 15.7 1.6a55.91 55.91 0 0 0 56.1-55.9l.1-47c0-4.5-4.5-9-8.9-9l-33.6-.1c-32.6-.1-32.5-49.4.1-49.3l42.6.1.1-56a105.18 105.18 0 0 1 105.6-105 86.35 86.35 0 0 1 20.2 2.3c11.2 1.8 19.9 11.9 19.9 24 0 15.5-14.9 27.8-30.3 23.9-27.4-5.9-65.9 14.4-66 54.9l-.1 47a8.94 8.94 0 0 0 8.9 9l33.6.1c32.5.2 32.4 49.5-.2 49.4zm23.5-.3a35.58 35.58 0 0 0 7.6-11.4l8.5 8.5a102 102 0 0 1-16.1 2.9zm21-4.2L308.6 280l.9-8.1a34.74 34.74 0 0 0-2.4-12.5l27 27.2a74.89 74.89 0 0 1-13.7 5.3zm18-7.4l-38-38.4c4.9-1.1 9.6-2.4 13.7-4.7l36.2 35.9c-3.8 2.5-7.9 5-11.9 7.2zm15.5-9.8l-35.3-35.5a61.06 61.06 0 0 0 10.5-8.5l34.9 35a124.56 124.56 0 0 1-10.1 9zm13.2-12.3l-34.9-35a63.18 63.18 0 0 0 7.7-11.4l35.8 35.9a130.28 130.28 0 0 1-8.6 10.5zm11-14.3l-36.4-36.6a48.29 48.29 0 0 0 3.6-15.2l39.5 39.8a87.72 87.72 0 0 1-6.7 12zm13.5-30.9a140.63 140.63 0 0 1-4.7 14.3L345.6 190a58.19 58.19 0 0 0-7.1-26.2zm1-5.6l-71.9-72.1a32 32 0 0 0 9.9-9.2l64.3 64.7a90.93 90.93 0 0 1-2.3 16.6z\"><\/path><\/svg>\t\t\t<\/p>\n<p><strong>Fedora<\/strong><\/p>\n<h2>Inicia un proyecto con nosotros<\/h2>\n<p>Podemos ayudarte a automatizar tu empresa<\/p>\n<p>\t\t\t\t\t\t\t\t<a href=\"https:\/\/zetasys.net\/wordpress\/index.php\/contacto\/\"><br \/>\n\t\t\t\t\t\t\t\t\tEscr\u00edbenos<br \/>\n\t\t\t\t\t<\/a><\/p>\n","protected":false},"excerpt":{"rendered":"<p>Que es SiGeCo? SiGeCo es un sistema dise\u00f1ado para negocios que necesitan controlar ventas, productos y clientes de forma r\u00e1pida y sencilla. Como podemos ayudarte? Integraci\u00f3n total con tu negocio SIGECO se adapta a tu forma de trabajar, conect\u00e1ndose con los dispositivos y sistemas que ya utiliz\u00e1s. Escr\u00edbenos Impresoras convencionales Compatible con impresoras l\u00e1ser, tinta [&hellip;]<\/p>\n","protected":false},"author":1,"featured_media":0,"parent":0,"menu_order":0,"comment_status":"closed","ping_status":"closed","template":"elementor_theme","meta":{"footnotes":""},"class_list":["post-7","page","type-page","status-publish","hentry"],"_links":{"self":[{"href":"https:\/\/zetasys.net\/wordpress\/index.php\/wp-json\/wp\/v2\/pages\/7","targetHints":{"allow":["GET"]}}],"collection":[{"href":"https:\/\/zetasys.net\/wordpress\/index.php\/wp-json\/wp\/v2\/pages"}],"about":[{"href":"https:\/\/zetasys.net\/wordpress\/index.php\/wp-json\/wp\/v2\/types\/page"}],"author":[{"embeddable":true,"href":"https:\/\/zetasys.net\/wordpress\/index.php\/wp-json\/wp\/v2\/users\/1"}],"replies":[{"embeddable":true,"href":"https:\/\/zetasys.net\/wordpress\/index.php\/wp-json\/wp\/v2\/comments?post=7"}],"version-history":[{"count":49,"href":"https:\/\/zetasys.net\/wordpress\/index.php\/wp-json\/wp\/v2\/pages\/7\/revisions"}],"predecessor-version":[{"id":208,"href":"https:\/\/zetasys.net\/wordpress\/index.php\/wp-json\/wp\/v2\/pages\/7\/revisions\/208"}],"wp:attachment":[{"href":"https:\/\/zetasys.net\/wordpress\/index.php\/wp-json\/wp\/v2\/media?parent=7"}],"curies":[{"name":"wp","href":"https:\/\/api.w.org\/{rel}","templated":true}]}}